{"id":5104,"date":"2025-09-24T10:35:00","date_gmt":"2025-09-24T10:35:00","guid":{"rendered":"https:\/\/on-clava.com\/ibbukkja-demo"},"modified":"2025-12-04T17:42:34","modified_gmt":"2025-12-04T17:42:34","slug":"ibbukkja-demo","status":"publish","type":"page","link":"https:\/\/on-clava.com\/mt\/ibbukkja-demo","title":{"rendered":"Ibbukkja demo"},"content":{"rendered":"\t\t<div data-elementor-type=\"wp-page\" data-elementor-id=\"5104\" class=\"elementor elementor-5104 elementor-3617\" data-elementor-post-type=\"page\">\n\t\t\t\t<div class=\"elementor-element elementor-element-19cb43b e-flex e-con-boxed e-con e-parent\" data-id=\"19cb43b\" data-element_type=\"container\" data-e-type=\"container\">\n\t\t\t\t\t<div class=\"e-con-inner\">\n\t\t\t\t<div class=\"elementor-element elementor-element-02a1b1f animated-slow elementor-invisible elementor-widget elementor-widget-heading\" data-id=\"02a1b1f\" data-element_type=\"widget\" data-e-type=\"widget\" data-settings=\"{&quot;_animation&quot;:&quot;fadeIn&quot;}\" data-widget_type=\"heading.default\">\n\t\t\t\t<div class=\"elementor-widget-container\">\n\t\t\t\t\t<span class=\"elementor-heading-title elementor-size-default\">Ibbukkja demo<\/span>\t\t\t\t<\/div>\n\t\t\t\t<\/div>\n\t\t\t\t<div class=\"elementor-element elementor-element-0149054 animated-slow elementor-invisible elementor-widget elementor-widget-heading\" data-id=\"0149054\" data-element_type=\"widget\" data-e-type=\"widget\" data-settings=\"{&quot;_animation&quot;:&quot;fadeIn&quot;}\" data-widget_type=\"heading.default\">\n\t\t\t\t<div class=\"elementor-widget-container\">\n\t\t\t\t\t<h1 class=\"elementor-heading-title elementor-size-default\">Ejja nid\u0127lu fil-\u0127a\u017cin.<\/h1>\t\t\t\t<\/div>\n\t\t\t\t<\/div>\n\t\t\t\t<div class=\"elementor-element elementor-element-2a3b406 animated-slow elementor-invisible elementor-widget elementor-widget-heading\" data-id=\"2a3b406\" data-element_type=\"widget\" data-e-type=\"widget\" data-settings=\"{&quot;_animation&quot;:&quot;fadeIn&quot;}\" data-widget_type=\"heading.default\">\n\t\t\t\t<div class=\"elementor-widget-container\">\n\t\t\t\t\t<h4 class=\"elementor-heading-title elementor-size-default\">F\u2019dawn is-sessjonijiet ta\u2019 skoperta, nimmiraw li nifhmu n-negozju tieg\u0127ek, l-isfidi li tiffa\u010b\u010bja, u nesploraw kif Clava tista\u2019 tappo\u0121\u0121jak.<\/h4>\t\t\t\t<\/div>\n\t\t\t\t<\/div>\n\t\t\t\t\t<\/div>\n\t\t\t\t<\/div>\n\t\t<div class=\"elementor-element elementor-element-b260549 e-flex e-con-boxed e-con e-parent\" data-id=\"b260549\" data-element_type=\"container\" data-e-type=\"container\">\n\t\t\t\t\t<div class=\"e-con-inner\">\n\t\t\t\t<div class=\"elementor-element elementor-element-ef90ade elementor-widget elementor-widget-html\" data-id=\"ef90ade\" data-element_type=\"widget\" data-e-type=\"widget\" data-widget_type=\"html.default\">\n\t\t\t\t<div class=\"elementor-widget-container\">\n\t\t\t\t\t<!-- Start of Meetings Embed Script -->\n    <div class=\"meetings-iframe-container\" data-src=\"https:\/\/meetings-eu1.hubspot.com\/jon-partridge?embed=true\"><\/div>\n    <script type=\"text\/javascript\" src=\"https:\/\/static.hsappstatic.net\/MeetingsEmbed\/ex\/MeetingsEmbedCode.js\"><\/script>\n  <!-- End of Meetings Embed Script -->\t\t\t\t<\/div>\n\t\t\t\t<\/div>\n\t\t\t\t\t<\/div>\n\t\t\t\t<\/div>\n\t\t\t\t<\/div>\n\t\t","protected":false},"excerpt":{"rendered":"<p>Ibbukkja demo Ejja nid\u0127lu fil-\u0127a\u017cin. F\u2019dawn is-sessjonijiet ta\u2019 skoperta, nimmiraw li nifhmu n-negozju tieg\u0127ek, l-isfidi li tiffa\u010b\u010bja, u nesploraw kif Clava tista\u2019 tappo\u0121\u0121jak.<\/p>\n","protected":false},"author":1,"featured_media":0,"parent":0,"menu_order":0,"comment_status":"closed","ping_status":"closed","template":"","meta":{"_acf_changed":false,"content-type":"","inline_featured_image":false,"_metasync_otto_title":"","_metasync_otto_description":"","_metasync_otto_keywords":"","_metasync_otto_og_title":"","_metasync_otto_og_description":"","_metasync_otto_twitter_title":"","_metasync_otto_twitter_description":"","rank_math_title":"","rank_math_description":"","_yoast_wpseo_title":"","_yoast_wpseo_metadesc":"","_aioseo_title":"","_aioseo_description":"","_metasync_seo_title":"","_metasync_seo_desc":"","_metasync_otto_disabled":"","footnotes":""},"class_list":["post-5104","page","type-page","status-publish","hentry"],"acf":[],"_links":{"self":[{"href":"https:\/\/on-clava.com\/mt\/wp-json\/wp\/v2\/pages\/5104","targetHints":{"allow":["GET"]}}],"collection":[{"href":"https:\/\/on-clava.com\/mt\/wp-json\/wp\/v2\/pages"}],"about":[{"href":"https:\/\/on-clava.com\/mt\/wp-json\/wp\/v2\/types\/page"}],"author":[{"embeddable":true,"href":"https:\/\/on-clava.com\/mt\/wp-json\/wp\/v2\/users\/1"}],"replies":[{"embeddable":true,"href":"https:\/\/on-clava.com\/mt\/wp-json\/wp\/v2\/comments?post=5104"}],"version-history":[{"count":1,"href":"https:\/\/on-clava.com\/mt\/wp-json\/wp\/v2\/pages\/5104\/revisions"}],"predecessor-version":[{"id":5106,"href":"https:\/\/on-clava.com\/mt\/wp-json\/wp\/v2\/pages\/5104\/revisions\/5106"}],"wp:attachment":[{"href":"https:\/\/on-clava.com\/mt\/wp-json\/wp\/v2\/media?parent=5104"}],"curies":[{"name":"wp","href":"https:\/\/api.w.org\/{rel}","templated":true}]}}